{"id":2412,"date":"2016-12-11T15:19:00","date_gmt":"2016-12-11T15:19:00","guid":{"rendered":"https:\/\/tomasz.dolecki.warszawa.pl\/?page_id=2412"},"modified":"2017-04-11T20:57:15","modified_gmt":"2017-04-11T20:57:15","slug":"1988-3","status":"publish","type":"page","link":"https:\/\/tomasz.dolecki.warszawa.pl\/?page_id=2412","title":{"rendered":"1988"},"content":{"rendered":"<p style=\"padding-left: 30px;\"><strong><span style=\"font-size: 16pt;\">1988:<\/span><\/strong><\/p>\n<p style=\"padding-left: 30px;\">Tajne dokumenty operacyjne z uderzenia w Wydawnictwo Przed\u015bwit w 1988 roku. IPN znalaz\u0142 je dopiero w 2016 roku.<\/p>\n<p style=\"padding-left: 30px;\">Okoliczno\u015bci zatrzymania by\u0142y takie: wraz z Jarkiem Markiewiczem przewie\u017ali\u015bmy sk\u0142adki kolejnej ksi\u0105\u017cki Przed\u015bwitu do pani Ewy Heynar-Skowro\u0144skiej, w kt\u00f3rej mieszkaniu ksi\u0105\u017cka mia\u0142a by\u0107 sk\u0142adana. Gdy wjechali\u015bmy na 10 pi\u0119tro wie\u017cowca, nieznany cz\u0142owiek &#8211; jak si\u0119 okaza\u0142o, funkcjonariusz SB &#8211; wpad\u0142 zdyszany na p\u00f3\u0142pi\u0119tro w chwili, gdy wchodzili\u015bmy do mieszkania. Musia\u0142 mie\u0107 niez\u0142\u0105 kondycj\u0119 biegn\u0105c za wind\u0105 na ostatnie pi\u0119tro wie\u017cowca&#8230; Gdy nas zobaczy\u0142, wycofa\u0142 si\u0119. Nast\u0119pnego dnia rano zostali\u015bmy zatrzymani w swoich domach. Jak wynika z dokument\u00f3w, akcja by\u0142a dok\u0142adnie zaplanowana.<\/p>\n<div id='gallery-1' class='gallery galleryid-2412 gallery-columns-2 gallery-size-large'><figure class='gallery-item'>\n\t\t\t<div class='gallery-icon portrait'>\n\t\t\t\t<a href='https:\/\/tomasz.dolecki.warszawa.pl\/?attachment_id=2385'><img loading=\"lazy\" decoding=\"async\" width=\"695\" height=\"1024\" src=\"https:\/\/tomasz.dolecki.warszawa.pl\/wp-content\/uploads\/2016\/02\/przedsw11-695x1024.jpg\" class=\"attachment-large size-large\" alt=\"\" srcset=\"https:\/\/tomasz.dolecki.warszawa.pl\/wp-content\/uploads\/2016\/02\/przedsw11-695x1024.jpg 695w, https:\/\/tomasz.dolecki.warszawa.pl\/wp-content\/uploads\/2016\/02\/przedsw11-204x300.jpg 204w, https:\/\/tomasz.dolecki.warszawa.pl\/wp-content\/uploads\/2016\/02\/przedsw11-768x1131.jpg 768w, https:\/\/tomasz.dolecki.warszawa.pl\/wp-content\/uploads\/2016\/02\/przedsw11.jpg 1024w\" sizes=\"auto, (max-width: 695px) 100vw, 695px\" \/><\/a>\n\t\t\t<\/div><\/figure><figure class='gallery-item'>\n\t\t\t<div class='gallery-icon portrait'>\n\t\t\t\t<a href='https:\/\/tomasz.dolecki.warszawa.pl\/?attachment_id=2386'><img loading=\"lazy\" decoding=\"async\" width=\"683\" height=\"1024\" src=\"https:\/\/tomasz.dolecki.warszawa.pl\/wp-content\/uploads\/2016\/02\/przedsw22-683x1024.jpg\" class=\"attachment-large size-large\" alt=\"\" srcset=\"https:\/\/tomasz.dolecki.warszawa.pl\/wp-content\/uploads\/2016\/02\/przedsw22-683x1024.jpg 683w, https:\/\/tomasz.dolecki.warszawa.pl\/wp-content\/uploads\/2016\/02\/przedsw22-200x300.jpg 200w, https:\/\/tomasz.dolecki.warszawa.pl\/wp-content\/uploads\/2016\/02\/przedsw22-768x1152.jpg 768w, https:\/\/tomasz.dolecki.warszawa.pl\/wp-content\/uploads\/2016\/02\/przedsw22.jpg 1024w\" sizes=\"auto, (max-width: 683px) 100vw, 683px\" \/><\/a>\n\t\t\t<\/div><\/figure><figure class='gallery-item'>\n\t\t\t<div class='gallery-icon portrait'>\n\t\t\t\t<a href='https:\/\/tomasz.dolecki.warszawa.pl\/?attachment_id=2387'><img loading=\"lazy\" decoding=\"async\" width=\"683\" height=\"1024\" src=\"https:\/\/tomasz.dolecki.warszawa.pl\/wp-content\/uploads\/2016\/02\/przedsw33-683x1024.jpg\" class=\"attachment-large size-large\" alt=\"\" srcset=\"https:\/\/tomasz.dolecki.warszawa.pl\/wp-content\/uploads\/2016\/02\/przedsw33-683x1024.jpg 683w, https:\/\/tomasz.dolecki.warszawa.pl\/wp-content\/uploads\/2016\/02\/przedsw33-200x300.jpg 200w, https:\/\/tomasz.dolecki.warszawa.pl\/wp-content\/uploads\/2016\/02\/przedsw33-768x1152.jpg 768w, https:\/\/tomasz.dolecki.warszawa.pl\/wp-content\/uploads\/2016\/02\/przedsw33.jpg 1024w\" sizes=\"auto, (max-width: 683px) 100vw, 683px\" \/><\/a>\n\t\t\t<\/div><\/figure><figure class='gallery-item'>\n\t\t\t<div class='gallery-icon portrait'>\n\t\t\t\t<a href='https:\/\/tomasz.dolecki.warszawa.pl\/?attachment_id=2388'><img loading=\"lazy\" decoding=\"async\" width=\"683\" height=\"1024\" src=\"https:\/\/tomasz.dolecki.warszawa.pl\/wp-content\/uploads\/2016\/02\/przedsw44-683x1024.jpg\" class=\"attachment-large size-large\" alt=\"\" srcset=\"https:\/\/tomasz.dolecki.warszawa.pl\/wp-content\/uploads\/2016\/02\/przedsw44-683x1024.jpg 683w, https:\/\/tomasz.dolecki.warszawa.pl\/wp-content\/uploads\/2016\/02\/przedsw44-200x300.jpg 200w, https:\/\/tomasz.dolecki.warszawa.pl\/wp-content\/uploads\/2016\/02\/przedsw44-768x1152.jpg 768w, https:\/\/tomasz.dolecki.warszawa.pl\/wp-content\/uploads\/2016\/02\/przedsw44.jpg 1024w\" sizes=\"auto, (max-width: 683px) 100vw, 683px\" \/><\/a>\n\t\t\t<\/div><\/figure>\n\t\t<\/div>\n\n<div id='gallery-2' class='gallery galleryid-2412 gallery-columns-2 gallery-size-large'><figure class='gallery-item'>\n\t\t\t<div class='gallery-icon portrait'>\n\t\t\t\t<a href='https:\/\/tomasz.dolecki.warszawa.pl\/?attachment_id=2384'><img loading=\"lazy\" decoding=\"async\" width=\"683\" height=\"1024\" src=\"https:\/\/tomasz.dolecki.warszawa.pl\/wp-content\/uploads\/2016\/02\/akcja0-683x1024.jpg\" class=\"attachment-large size-large\" alt=\"\" srcset=\"https:\/\/tomasz.dolecki.warszawa.pl\/wp-content\/uploads\/2016\/02\/akcja0-683x1024.jpg 683w, https:\/\/tomasz.dolecki.warszawa.pl\/wp-content\/uploads\/2016\/02\/akcja0-200x300.jpg 200w, https:\/\/tomasz.dolecki.warszawa.pl\/wp-content\/uploads\/2016\/02\/akcja0-768x1152.jpg 768w, https:\/\/tomasz.dolecki.warszawa.pl\/wp-content\/uploads\/2016\/02\/akcja0.jpg 1024w\" sizes=\"auto, (max-width: 683px) 100vw, 683px\" \/><\/a>\n\t\t\t<\/div><\/figure><figure class='gallery-item'>\n\t\t\t<div class='gallery-icon portrait'>\n\t\t\t\t<a href='https:\/\/tomasz.dolecki.warszawa.pl\/?attachment_id=2380'><img loading=\"lazy\" decoding=\"async\" width=\"664\" height=\"1024\" src=\"https:\/\/tomasz.dolecki.warszawa.pl\/wp-content\/uploads\/2016\/02\/akcja1-664x1024.jpg\" class=\"attachment-large size-large\" alt=\"\" srcset=\"https:\/\/tomasz.dolecki.warszawa.pl\/wp-content\/uploads\/2016\/02\/akcja1-664x1024.jpg 664w, https:\/\/tomasz.dolecki.warszawa.pl\/wp-content\/uploads\/2016\/02\/akcja1-195x300.jpg 195w, https:\/\/tomasz.dolecki.warszawa.pl\/wp-content\/uploads\/2016\/02\/akcja1-768x1184.jpg 768w, https:\/\/tomasz.dolecki.warszawa.pl\/wp-content\/uploads\/2016\/02\/akcja1.jpg 1024w\" sizes=\"auto, (max-width: 664px) 100vw, 664px\" \/><\/a>\n\t\t\t<\/div><\/figure><figure class='gallery-item'>\n\t\t\t<div class='gallery-icon portrait'>\n\t\t\t\t<a href='https:\/\/tomasz.dolecki.warszawa.pl\/?attachment_id=2381'><img loading=\"lazy\" decoding=\"async\" width=\"668\" height=\"1024\" src=\"https:\/\/tomasz.dolecki.warszawa.pl\/wp-content\/uploads\/2016\/02\/akcja2-668x1024.jpg\" class=\"attachment-large size-large\" alt=\"\" srcset=\"https:\/\/tomasz.dolecki.warszawa.pl\/wp-content\/uploads\/2016\/02\/akcja2-668x1024.jpg 668w, https:\/\/tomasz.dolecki.warszawa.pl\/wp-content\/uploads\/2016\/02\/akcja2-196x300.jpg 196w, https:\/\/tomasz.dolecki.warszawa.pl\/wp-content\/uploads\/2016\/02\/akcja2-768x1177.jpg 768w, https:\/\/tomasz.dolecki.warszawa.pl\/wp-content\/uploads\/2016\/02\/akcja2.jpg 1024w\" sizes=\"auto, (max-width: 668px) 100vw, 668px\" \/><\/a>\n\t\t\t<\/div><\/figure><figure class='gallery-item'>\n\t\t\t<div class='gallery-icon portrait'>\n\t\t\t\t<a href='https:\/\/tomasz.dolecki.warszawa.pl\/?attachment_id=2382'><img loading=\"lazy\" decoding=\"async\" width=\"684\" height=\"1024\" src=\"https:\/\/tomasz.dolecki.warszawa.pl\/wp-content\/uploads\/2016\/02\/akcja3-684x1024.jpg\" class=\"attachment-large size-large\" alt=\"\" srcset=\"https:\/\/tomasz.dolecki.warszawa.pl\/wp-content\/uploads\/2016\/02\/akcja3-684x1024.jpg 684w, https:\/\/tomasz.dolecki.warszawa.pl\/wp-content\/uploads\/2016\/02\/akcja3-200x300.jpg 200w, https:\/\/tomasz.dolecki.warszawa.pl\/wp-content\/uploads\/2016\/02\/akcja3-768x1150.jpg 768w, https:\/\/tomasz.dolecki.warszawa.pl\/wp-content\/uploads\/2016\/02\/akcja3.jpg 1024w\" sizes=\"auto, (max-width: 684px) 100vw, 684px\" \/><\/a>\n\t\t\t<\/div><\/figure><figure class='gallery-item'>\n\t\t\t<div class='gallery-icon portrait'>\n\t\t\t\t<a href='https:\/\/tomasz.dolecki.warszawa.pl\/?attachment_id=2383'><img loading=\"lazy\" decoding=\"async\" width=\"700\" height=\"1024\" src=\"https:\/\/tomasz.dolecki.warszawa.pl\/wp-content\/uploads\/2016\/02\/akcja4-700x1024.jpg\" class=\"attachment-large size-large\" alt=\"\" srcset=\"https:\/\/tomasz.dolecki.warszawa.pl\/wp-content\/uploads\/2016\/02\/akcja4-700x1024.jpg 700w, https:\/\/tomasz.dolecki.warszawa.pl\/wp-content\/uploads\/2016\/02\/akcja4-205x300.jpg 205w, https:\/\/tomasz.dolecki.warszawa.pl\/wp-content\/uploads\/2016\/02\/akcja4-768x1124.jpg 768w, https:\/\/tomasz.dolecki.warszawa.pl\/wp-content\/uploads\/2016\/02\/akcja4.jpg 1024w\" sizes=\"auto, (max-width: 700px) 100vw, 700px\" \/><\/a>\n\t\t\t<\/div><\/figure>\n\t\t<\/div>\n\n<div id='gallery-3' class='gallery galleryid-2412 gallery-columns-2 gallery-size-large'><figure class='gallery-item'>\n\t\t\t<div class='gallery-icon portrait'>\n\t\t\t\t<a href='https:\/\/tomasz.dolecki.warszawa.pl\/?attachment_id=2223'><img loading=\"lazy\" decoding=\"async\" width=\"683\" height=\"1024\" src=\"https:\/\/tomasz.dolecki.warszawa.pl\/wp-content\/uploads\/2016\/02\/SAM3211-683x1024.jpg\" class=\"attachment-large size-large\" alt=\"\" srcset=\"https:\/\/tomasz.dolecki.warszawa.pl\/wp-content\/uploads\/2016\/02\/SAM3211-683x1024.jpg 683w, https:\/\/tomasz.dolecki.warszawa.pl\/wp-content\/uploads\/2016\/02\/SAM3211-200x300.jpg 200w, https:\/\/tomasz.dolecki.warszawa.pl\/wp-content\/uploads\/2016\/02\/SAM3211-768x1152.jpg 768w, https:\/\/tomasz.dolecki.warszawa.pl\/wp-content\/uploads\/2016\/02\/SAM3211.jpg 1024w\" sizes=\"auto, (max-width: 683px) 100vw, 683px\" \/><\/a>\n\t\t\t<\/div><\/figure><figure class='gallery-item'>\n\t\t\t<div class='gallery-icon portrait'>\n\t\t\t\t<a href='https:\/\/tomasz.dolecki.warszawa.pl\/?attachment_id=2225'><img loading=\"lazy\" decoding=\"async\" width=\"683\" height=\"1024\" src=\"https:\/\/tomasz.dolecki.warszawa.pl\/wp-content\/uploads\/2016\/02\/SAM3212-683x1024.jpg\" class=\"attachment-large size-large\" alt=\"\" srcset=\"https:\/\/tomasz.dolecki.warszawa.pl\/wp-content\/uploads\/2016\/02\/SAM3212-683x1024.jpg 683w, https:\/\/tomasz.dolecki.warszawa.pl\/wp-content\/uploads\/2016\/02\/SAM3212-200x300.jpg 200w, https:\/\/tomasz.dolecki.warszawa.pl\/wp-content\/uploads\/2016\/02\/SAM3212-768x1152.jpg 768w, https:\/\/tomasz.dolecki.warszawa.pl\/wp-content\/uploads\/2016\/02\/SAM3212.jpg 1024w\" sizes=\"auto, (max-width: 683px) 100vw, 683px\" \/><\/a>\n\t\t\t<\/div><\/figure><figure class='gallery-item'>\n\t\t\t<div class='gallery-icon portrait'>\n\t\t\t\t<a href='https:\/\/tomasz.dolecki.warszawa.pl\/?attachment_id=2226'><img loading=\"lazy\" decoding=\"async\" width=\"683\" height=\"1024\" src=\"https:\/\/tomasz.dolecki.warszawa.pl\/wp-content\/uploads\/2016\/02\/SAM3213-683x1024.jpg\" class=\"attachment-large size-large\" alt=\"\" srcset=\"https:\/\/tomasz.dolecki.warszawa.pl\/wp-content\/uploads\/2016\/02\/SAM3213-683x1024.jpg 683w, https:\/\/tomasz.dolecki.warszawa.pl\/wp-content\/uploads\/2016\/02\/SAM3213-200x300.jpg 200w, https:\/\/tomasz.dolecki.warszawa.pl\/wp-content\/uploads\/2016\/02\/SAM3213-768x1152.jpg 768w, https:\/\/tomasz.dolecki.warszawa.pl\/wp-content\/uploads\/2016\/02\/SAM3213.jpg 1024w\" sizes=\"auto, (max-width: 683px) 100vw, 683px\" \/><\/a>\n\t\t\t<\/div><\/figure>\n\t\t<\/div>\n\n","protected":false},"excerpt":{"rendered":"<p>1988: Tajne dokumenty operacyjne z uderzenia w Wydawnictwo Przed\u015bwit w 1988 roku. IPN znalaz\u0142 je dopiero w 2016 roku. Okoliczno\u015bci zatrzymania by\u0142y takie: wraz z&hellip;<\/p>\n","protected":false},"author":1,"featured_media":0,"parent":0,"menu_order":0,"comment_status":"open","ping_status":"closed","template":"","meta":{"footnotes":""},"class_list":["post-2412","page","type-page","status-publish","hentry"],"_links":{"self":[{"href":"https:\/\/tomasz.dolecki.warszawa.pl\/index.php?rest_route=\/wp\/v2\/pages\/2412","targetHints":{"allow":["GET"]}}],"collection":[{"href":"https:\/\/tomasz.dolecki.warszawa.pl\/index.php?rest_route=\/wp\/v2\/pages"}],"about":[{"href":"https:\/\/tomasz.dolecki.warszawa.pl\/index.php?rest_route=\/wp\/v2\/types\/page"}],"author":[{"embeddable":true,"href":"https:\/\/tomasz.dolecki.warszawa.pl\/index.php?rest_route=\/wp\/v2\/users\/1"}],"replies":[{"embeddable":true,"href":"https:\/\/tomasz.dolecki.warszawa.pl\/index.php?rest_route=%2Fwp%2Fv2%2Fcomments&post=2412"}],"version-history":[{"count":2,"href":"https:\/\/tomasz.dolecki.warszawa.pl\/index.php?rest_route=\/wp\/v2\/pages\/2412\/revisions"}],"predecessor-version":[{"id":2689,"href":"https:\/\/tomasz.dolecki.warszawa.pl\/index.php?rest_route=\/wp\/v2\/pages\/2412\/revisions\/2689"}],"wp:attachment":[{"href":"https:\/\/tomasz.dolecki.warszawa.pl\/index.php?rest_route=%2Fwp%2Fv2%2Fmedia&parent=2412"}],"curies":[{"name":"wp","href":"https:\/\/api.w.org\/{rel}","templated":true}]}}